{"id":473,"date":"2021-07-20T20:10:04","date_gmt":"2021-07-20T20:10:04","guid":{"rendered":"https:\/\/bridge491.qodeinteractive.com\/?page_id=473"},"modified":"2024-02-20T14:38:56","modified_gmt":"2024-02-20T13:38:56","slug":"cennik","status":"publish","type":"page","link":"https:\/\/www.omamystudio.pl\/beauty-www\/cennik\/","title":{"rendered":"Cennik"},"content":{"rendered":"\t\t<div data-elementor-type=\"wp-page\" data-elementor-id=\"473\" class=\"elementor elementor-473\">\n\t\t\t\t\t\t<section class=\"elementor-section elementor-top-section elementor-element elementor-element-3e81db7b elementor-section-boxed elementor-section-height-default elementor-section-height-default parallax_section_no qode_elementor_container_no\" data-id=\"3e81db7b\" data-element_type=\"section\">\n\t\t\t\t\t\t<div class=\"elementor-container elementor-column-gap-default\">\n\t\t\t\t\t<div class=\"elementor-column elementor-col-100 elementor-top-column elementor-element elementor-element-65b3f646\" data-id=\"65b3f646\" data-element_type=\"column\">\n\t\t\t<div class=\"elementor-widget-wrap elementor-element-populated\">\n\t\t\t\t\t\t<div class=\"elementor-element elementor-element-1995f682 qode-underlined-title-grey elementor-widget elementor-widget-heading\" data-id=\"1995f682\" data-element_type=\"widget\" data-widget_type=\"heading.default\">\n\t\t\t\t<div class=\"elementor-widget-container\">\n\t\t\t<style>\/*! elementor - v3.19.0 - 07-02-2024 *\/\n.elementor-heading-title{padding:0;margin:0;line-height:1}.elementor-widget-heading .elementor-heading-title[class*=elementor-size-]>a{color:inherit;font-size:inherit;line-height:inherit}.elementor-widget-heading .elementor-heading-title.elementor-size-small{font-size:15px}.elementor-widget-heading .elementor-heading-title.elementor-size-medium{font-size:19px}.elementor-widget-heading .elementor-heading-title.elementor-size-large{font-size:29px}.elementor-widget-heading .elementor-heading-title.elementor-size-xl{font-size:39px}.elementor-widget-heading .elementor-heading-title.elementor-size-xxl{font-size:59px}<\/style><h3 class=\"elementor-heading-title elementor-size-default\">CENNIK MILKI NAIL STUDIO<\/h3>\t\t<\/div>\n\t\t\t\t<\/div>\n\t\t\t\t\t<\/div>\n\t\t<\/div>\n\t\t\t\t\t<\/div>\n\t\t<\/section>\n\t\t\t\t<section class=\"elementor-section elementor-top-section elementor-element elementor-element-3a17fd1 elementor-section-full_width elementor-section-height-default elementor-section-height-default parallax_section_no qode_elementor_container_no\" data-id=\"3a17fd1\" data-element_type=\"section\" data-settings=\"{&quot;background_background&quot;:&quot;classic&quot;}\">\n\t\t\t\t\t\t<div class=\"elementor-container elementor-column-gap-default\">\n\t\t\t\t\t<div class=\"elementor-column elementor-col-100 elementor-top-column elementor-element elementor-element-d9b0720\" data-id=\"d9b0720\" data-element_type=\"column\">\n\t\t\t<div class=\"elementor-widget-wrap elementor-element-populated\">\n\t\t\t\t\t\t<section class=\"elementor-section elementor-inner-section elementor-element elementor-element-265e569 elementor-section-full_width qode_elementor_container_inner elementor-section-height-default elementor-section-height-default parallax_section_no\" data-id=\"265e569\" data-element_type=\"section\">\n\t\t\t\t\t\t<div class=\"elementor-container elementor-column-gap-default\">\n\t\t\t\t\t<div class=\"elementor-column elementor-col-50 elementor-inner-column elementor-element elementor-element-518239d\" data-id=\"518239d\" data-element_type=\"column\">\n\t\t\t<div class=\"elementor-widget-wrap elementor-element-populated\">\n\t\t\t\t\t\t<div class=\"elementor-element elementor-element-4338dfd elementor-widget elementor-widget-bridge_advanced_pricing_list\" data-id=\"4338dfd\" data-element_type=\"widget\" data-widget_type=\"bridge_advanced_pricing_list.default\">\n\t\t\t\t<div class=\"elementor-widget-container\">\n\t\t\t<div class=\"qode-advanced-pricing-list\">\n\t<div class=\"qode-apl-header\">\n\t\t<div class=\"qode-apl-title-holder\">\n\t\t\t<h5 class=\"qode-apl-title\" style=\"text-align:left\">\n\t\t\t\t\t\t\t<\/h5>\n\t\t<\/div>\n\t<\/div>\n\t<div class=\"qode-apl-items\">\n\t\t\t\t\t\t<div class=\"qode-apl-item\">\n\t\t\t\t\t<div class=\"qode-apl-item-top\">\n\t\t\t\t\t\t<h5 class=\"qode-apl-item-title\" >\n\t\t\t\t\t\t\tManicure basic\t\t\t\t\t\t<\/h5>\n\t\t\t\t\t\t<div class=\"qode-apl-line\" style=\"border-style:solid;border-color:#EED5E9\"><\/div>\n\t\t\t\t\t\t<h5 class=\"qode-apl-item-price\" >\n\t\t\t\t\t\t\t70 z\u0142\t\t\t\t\t\t<\/h5>\n\t\t\t\t\t<\/div>\n\t\t\t\t\t\t\t\t\t\t\t<div class=\"qode-apl-item-bottom\">\n\t\t\t\t\t\t\t<div class=\"qode-apl-item-description\" >\n\t\t\t\t\t\t\t\tBez malowania\t\t\t\t\t\t\t<\/div>\n\t\t\t\t\t\t<\/div>\n\t\t\t\t\t\t\t\t\t<\/div>\n\t\t\t\t\t\t\t<div class=\"qode-apl-item\">\n\t\t\t\t\t<div class=\"qode-apl-item-top\">\n\t\t\t\t\t\t<h5 class=\"qode-apl-item-title\" >\n\t\t\t\t\t\t\tManicure hybryda\t\t\t\t\t\t<\/h5>\n\t\t\t\t\t\t<div class=\"qode-apl-line\" style=\"border-style:solid;border-color:#EED5E9\"><\/div>\n\t\t\t\t\t\t<h5 class=\"qode-apl-item-price\" >\n\t\t\t\t\t\t\t140 z\u0142\t\t\t\t\t\t<\/h5>\n\t\t\t\t\t<\/div>\n\t\t\t\t\t\t\t\t\t\t\t<div class=\"qode-apl-item-bottom\">\n\t\t\t\t\t\t\t<div class=\"qode-apl-item-description\" >\n\t\t\t\t\t\t\t\t\u015aci\u0105gni\u0119cie poprzedniej stylizacji w cenie\t\t\t\t\t\t\t<\/div>\n\t\t\t\t\t\t<\/div>\n\t\t\t\t\t\t\t\t\t<\/div>\n\t\t\t\t\t\t\t<div class=\"qode-apl-item\">\n\t\t\t\t\t<div class=\"qode-apl-item-top\">\n\t\t\t\t\t\t<h5 class=\"qode-apl-item-title\" >\n\t\t\t\t\t\t\t\u017bel na formie\t\t\t\t\t\t<\/h5>\n\t\t\t\t\t\t<div class=\"qode-apl-line\" style=\"border-style:solid;border-color:#EED5E9\"><\/div>\n\t\t\t\t\t\t<h5 class=\"qode-apl-item-price\" >\n\t\t\t\t\t\t\t180 z\u0142\t\t\t\t\t\t<\/h5>\n\t\t\t\t\t<\/div>\n\t\t\t\t\t\t\t\t\t\t\t<div class=\"qode-apl-item-bottom\">\n\t\t\t\t\t\t\t<div class=\"qode-apl-item-description\" >\n\t\t\t\t\t\t\t\tJednolity kolor\t\t\t\t\t\t\t<\/div>\n\t\t\t\t\t\t<\/div>\n\t\t\t\t\t\t\t\t\t<\/div>\n\t\t\t\t\t\t\t<div class=\"qode-apl-item\">\n\t\t\t\t\t<div class=\"qode-apl-item-top\">\n\t\t\t\t\t\t<h5 class=\"qode-apl-item-title\" >\n\t\t\t\t\t\t\t\u017bel + french\t\t\t\t\t\t<\/h5>\n\t\t\t\t\t\t<div class=\"qode-apl-line\" style=\"border-style:solid;border-color:#EED5E9\"><\/div>\n\t\t\t\t\t\t<h5 class=\"qode-apl-item-price\" >\n\t\t\t\t\t\t\t200 z\u0142\t\t\t\t\t\t<\/h5>\n\t\t\t\t\t<\/div>\n\t\t\t\t\t\t\t\t\t\t\t<div class=\"qode-apl-item-bottom\">\n\t\t\t\t\t\t\t<div class=\"qode-apl-item-description\" >\n\t\t\t\t\t\t\t\tJednolity kolor + french konstrukcyjny\t\t\t\t\t\t\t<\/div>\n\t\t\t\t\t\t<\/div>\n\t\t\t\t\t\t\t\t\t<\/div>\n\t\t\t\t\t\t\t<div class=\"qode-apl-item\">\n\t\t\t\t\t<div class=\"qode-apl-item-top\">\n\t\t\t\t\t\t<h5 class=\"qode-apl-item-title\" >\n\t\t\t\t\t\t\tUzupe\u0142nianie \u017celu\t\t\t\t\t\t<\/h5>\n\t\t\t\t\t\t<div class=\"qode-apl-line\" style=\"border-style:solid;border-color:#EED5E9\"><\/div>\n\t\t\t\t\t\t<h5 class=\"qode-apl-item-price\" >\n\t\t\t\t\t\t\t160 z\u0142\t\t\t\t\t\t<\/h5>\n\t\t\t\t\t<\/div>\n\t\t\t\t\t\t\t\t\t\t\t<div class=\"qode-apl-item-bottom\">\n\t\t\t\t\t\t\t<div class=\"qode-apl-item-description\" >\n\t\t\t\t\t\t\t\tJednolity kolor\t\t\t\t\t\t\t<\/div>\n\t\t\t\t\t\t<\/div>\n\t\t\t\t\t\t\t\t\t<\/div>\n\t\t\t\t<\/div>\n<\/div>\t\t<\/div>\n\t\t\t\t<\/div>\n\t\t\t\t\t<\/div>\n\t\t<\/div>\n\t\t\t\t<div class=\"elementor-column elementor-col-50 elementor-inner-column elementor-element elementor-element-fcc66e3\" data-id=\"fcc66e3\" data-element_type=\"column\">\n\t\t\t<div class=\"elementor-widget-wrap elementor-element-populated\">\n\t\t\t\t\t\t<div class=\"elementor-element elementor-element-cde0be9 elementor-widget elementor-widget-bridge_advanced_pricing_list\" data-id=\"cde0be9\" data-element_type=\"widget\" data-widget_type=\"bridge_advanced_pricing_list.default\">\n\t\t\t\t<div class=\"elementor-widget-container\">\n\t\t\t<div class=\"qode-advanced-pricing-list\">\n\t<div class=\"qode-apl-header\">\n\t\t<div class=\"qode-apl-title-holder\">\n\t\t\t<h5 class=\"qode-apl-title\" style=\"text-align:left\">\n\t\t\t\t\t\t\t<\/h5>\n\t\t<\/div>\n\t<\/div>\n\t<div class=\"qode-apl-items\">\n\t\t\t\t\t\t<div class=\"qode-apl-item\">\n\t\t\t\t\t<div class=\"qode-apl-item-top\">\n\t\t\t\t\t\t<h5 class=\"qode-apl-item-title\" >\n\t\t\t\t\t\t\tPedicure basic\t\t\t\t\t\t<\/h5>\n\t\t\t\t\t\t<div class=\"qode-apl-line\" style=\"border-style:solid;border-color:#EED5E9\"><\/div>\n\t\t\t\t\t\t<h5 class=\"qode-apl-item-price\" >\n\t\t\t\t\t\t\t70 z\u0142\t\t\t\t\t\t<\/h5>\n\t\t\t\t\t<\/div>\n\t\t\t\t\t\t\t\t\t\t\t<div class=\"qode-apl-item-bottom\">\n\t\t\t\t\t\t\t<div class=\"qode-apl-item-description\" >\n\t\t\t\t\t\t\t\tBez malowania\t\t\t\t\t\t\t<\/div>\n\t\t\t\t\t\t<\/div>\n\t\t\t\t\t\t\t\t\t<\/div>\n\t\t\t\t\t\t\t<div class=\"qode-apl-item\">\n\t\t\t\t\t<div class=\"qode-apl-item-top\">\n\t\t\t\t\t\t<h5 class=\"qode-apl-item-title\" >\n\t\t\t\t\t\t\tPedicure frezarkowy\t\t\t\t\t\t<\/h5>\n\t\t\t\t\t\t<div class=\"qode-apl-line\" style=\"border-style:solid;border-color:#EED5E9\"><\/div>\n\t\t\t\t\t\t<h5 class=\"qode-apl-item-price\" >\n\t\t\t\t\t\t\t90 z\u0142\t\t\t\t\t\t<\/h5>\n\t\t\t\t\t<\/div>\n\t\t\t\t\t\t\t\t\t\t\t<div class=\"qode-apl-item-bottom\">\n\t\t\t\t\t\t\t<div class=\"qode-apl-item-description\" >\n\t\t\t\t\t\t\t\tBez malowania\t\t\t\t\t\t\t<\/div>\n\t\t\t\t\t\t<\/div>\n\t\t\t\t\t\t\t\t\t<\/div>\n\t\t\t\t\t\t\t<div class=\"qode-apl-item\">\n\t\t\t\t\t<div class=\"qode-apl-item-top\">\n\t\t\t\t\t\t<h5 class=\"qode-apl-item-title\" >\n\t\t\t\t\t\t\tPedicure hybryda\t\t\t\t\t\t<\/h5>\n\t\t\t\t\t\t<div class=\"qode-apl-line\" style=\"border-style:solid;border-color:#EED5E9\"><\/div>\n\t\t\t\t\t\t<h5 class=\"qode-apl-item-price\" >\n\t\t\t\t\t\t\t140 z\u0142\t\t\t\t\t\t<\/h5>\n\t\t\t\t\t<\/div>\n\t\t\t\t\t\t\t\t\t\t\t<div class=\"qode-apl-item-bottom\">\n\t\t\t\t\t\t\t<div class=\"qode-apl-item-description\" >\n\t\t\t\t\t\t\t\t\u015aci\u0105gni\u0119cie poprzedniej stylizacji w cenie\t\t\t\t\t\t\t<\/div>\n\t\t\t\t\t\t<\/div>\n\t\t\t\t\t\t\t\t\t<\/div>\n\t\t\t\t\t\t\t<div class=\"qode-apl-item\">\n\t\t\t\t\t<div class=\"qode-apl-item-top\">\n\t\t\t\t\t\t<h5 class=\"qode-apl-item-title\" >\n\t\t\t\t\t\t\tPedicure \u017cel\t\t\t\t\t\t<\/h5>\n\t\t\t\t\t\t<div class=\"qode-apl-line\" style=\"border-style:solid;border-color:#EED5E9\"><\/div>\n\t\t\t\t\t\t<h5 class=\"qode-apl-item-price\" >\n\t\t\t\t\t\t\t180 z\u0142\t\t\t\t\t\t<\/h5>\n\t\t\t\t\t<\/div>\n\t\t\t\t\t\t\t\t\t\t\t<div class=\"qode-apl-item-bottom\">\n\t\t\t\t\t\t\t<div class=\"qode-apl-item-description\" >\n\t\t\t\t\t\t\t\tJednolity kolor\t\t\t\t\t\t\t<\/div>\n\t\t\t\t\t\t<\/div>\n\t\t\t\t\t\t\t\t\t<\/div>\n\t\t\t\t\t\t\t<div class=\"qode-apl-item\">\n\t\t\t\t\t<div class=\"qode-apl-item-top\">\n\t\t\t\t\t\t<h5 class=\"qode-apl-item-title\" >\n\t\t\t\t\t\t\tManicure &amp; Pedicure\t\t\t\t\t\t<\/h5>\n\t\t\t\t\t\t<div class=\"qode-apl-line\" style=\"border-style:solid;border-color:#EED5E9\"><\/div>\n\t\t\t\t\t\t<h5 class=\"qode-apl-item-price\" >\n\t\t\t\t\t\t\t130 z\u0142\t\t\t\t\t\t<\/h5>\n\t\t\t\t\t<\/div>\n\t\t\t\t\t\t\t\t\t\t\t<div class=\"qode-apl-item-bottom\">\n\t\t\t\t\t\t\t<div class=\"qode-apl-item-description\" >\n\t\t\t\t\t\t\t\tBez malowania\t\t\t\t\t\t\t<\/div>\n\t\t\t\t\t\t<\/div>\n\t\t\t\t\t\t\t\t\t<\/div>\n\t\t\t\t<\/div>\n<\/div>\t\t<\/div>\n\t\t\t\t<\/div>\n\t\t\t\t\t<\/div>\n\t\t<\/div>\n\t\t\t\t\t<\/div>\n\t\t<\/section>\n\t\t\t\t\t<\/div>\n\t\t<\/div>\n\t\t\t\t\t<\/div>\n\t\t<\/section>\n\t\t\t\t<\/div>\n\t\t","protected":false},"excerpt":{"rendered":"<p>CENNIK MILKI NAIL STUDIO Manicure basic 70 z\u0142 Bez malowania Manicure hybryda 140 z\u0142 \u015aci\u0105gni\u0119cie poprzedniej stylizacji w cenie \u017bel na formie 180 z\u0142 Jednolity kolor \u017bel + french 200 z\u0142 Jednolity kolor + french konstrukcyjny Uzupe\u0142nianie \u017celu 160 z\u0142 Jednolity kolor Pedicure basic 70&#8230;<\/p>\n","protected":false},"author":2,"featured_media":0,"parent":0,"menu_order":0,"comment_status":"closed","ping_status":"closed","template":"full_width.php","meta":{"content-type":"","footnotes":""},"class_list":["post-473","page","type-page","status-publish","hentry"],"_links":{"self":[{"href":"https:\/\/www.omamystudio.pl\/beauty-www\/wp-json\/wp\/v2\/pages\/473","targetHints":{"allow":["GET"]}}],"collection":[{"href":"https:\/\/www.omamystudio.pl\/beauty-www\/wp-json\/wp\/v2\/pages"}],"about":[{"href":"https:\/\/www.omamystudio.pl\/beauty-www\/wp-json\/wp\/v2\/types\/page"}],"author":[{"embeddable":true,"href":"https:\/\/www.omamystudio.pl\/beauty-www\/wp-json\/wp\/v2\/users\/2"}],"replies":[{"embeddable":true,"href":"https:\/\/www.omamystudio.pl\/beauty-www\/wp-json\/wp\/v2\/comments?post=473"}],"version-history":[{"count":16,"href":"https:\/\/www.omamystudio.pl\/beauty-www\/wp-json\/wp\/v2\/pages\/473\/revisions"}],"predecessor-version":[{"id":1450,"href":"https:\/\/www.omamystudio.pl\/beauty-www\/wp-json\/wp\/v2\/pages\/473\/revisions\/1450"}],"wp:attachment":[{"href":"https:\/\/www.omamystudio.pl\/beauty-www\/wp-json\/wp\/v2\/media?parent=473"}],"curies":[{"name":"wp","href":"https:\/\/api.w.org\/{rel}","templated":true}]}}